{"id":11576,"date":"2019-12-05T19:54:02","date_gmt":"2019-12-05T18:54:02","guid":{"rendered":"http:\/\/test.tc-gomaringen.de\/?page_id=11576"},"modified":"2026-03-24T09:06:56","modified_gmt":"2026-03-24T08:06:56","slug":"mitglied-werden","status":"publish","type":"page","link":"https:\/\/www.tc-gomaringen.de\/?page_id=11576","title":{"rendered":"Mitglied werden"},"content":{"rendered":"\t\t<div data-elementor-type=\"wp-page\" data-elementor-id=\"11576\" class=\"elementor elementor-11576\">\n\t\t\t\t\t\t<section class=\"elementor-section elementor-top-section elementor-element elementor-element-33b77f68 elementor-section-height-min-height elementor-section-content-middle elementor-section-stretched elementor-section-boxed elementor-section-height-default elementor-section-items-middle\" data-id=\"33b77f68\" data-element_type=\"section\" data-settings=\"{&quot;background_background&quot;:&quot;classic&quot;,&quot;stretch_section&quot;:&quot;section-stretched&quot;}\">\n\t\t\t\t\t\t\t<div class=\"elementor-background-overlay\"><\/div>\n\t\t\t\t\t\t\t<div class=\"elementor-container elementor-column-gap-no\">\n\t\t\t\t\t<div class=\"elementor-column elementor-col-100 elementor-top-column elementor-element elementor-element-c9bef18\" data-id=\"c9bef18\" data-element_type=\"column\">\n\t\t\t<div class=\"elementor-widget-wrap elementor-element-populated\">\n\t\t\t\t\t\t<div class=\"elementor-element elementor-element-47410801 elementor-widget elementor-widget-heading\" data-id=\"47410801\" data-element_type=\"widget\" data-widget_type=\"heading.default\">\n\t\t\t\t<div class=\"elementor-widget-container\">\n\t\t\t\t\t<h2 class=\"elementor-heading-title elementor-size-default\">Mitglied werden<\/h2>\t\t\t\t<\/div>\n\t\t\t\t<\/div>\n\t\t\t\t<div class=\"elementor-element elementor-element-36688e44 elementor-widget elementor-widget-text-editor\" data-id=\"36688e44\" data-element_type=\"widget\" data-widget_type=\"text-editor.default\">\n\t\t\t\t<div class=\"elementor-widget-container\">\n\t\t\t\t\t\t\t\t\t<p><span style=\"caret-color: #ffffff; color: #ffffff;\">Kommen Sie vorbei und lernen Sie unseren Verein kennen.<\/span><br style=\"caret-color: #ffffff; color: #ffffff;\" \/><span style=\"caret-color: #ffffff; color: #ffffff;\">Wir finden den passenden Tennispartner f\u00fcr Sie.<\/span><\/p>\t\t\t\t\t\t\t\t<\/div>\n\t\t\t\t<\/div>\n\t\t\t\t<div class=\"elementor-element elementor-element-bda93f4 elementor-align-center elementor-widget elementor-widget-button\" data-id=\"bda93f4\" data-element_type=\"widget\" data-widget_type=\"button.default\">\n\t\t\t\t<div class=\"elementor-widget-container\">\n\t\t\t\t\t\t\t\t\t<div class=\"elementor-button-wrapper\">\n\t\t\t\t\t<a class=\"elementor-button elementor-button-link elementor-size-sm\" href=\"\/wp-content\/uploads\/2019\/12\/Tennis-Beitrittsformular.pdf\" target=\"_blank\">\n\t\t\t\t\t\t<span class=\"elementor-button-content-wrapper\">\n\t\t\t\t\t\t\t\t\t<span class=\"elementor-button-text\">Anmeldeformular<\/span>\n\t\t\t\t\t<\/span>\n\t\t\t\t\t<\/a>\n\t\t\t\t<\/div>\n\t\t\t\t\t\t\t\t<\/div>\n\t\t\t\t<\/div>\n\t\t\t\t\t<\/div>\n\t\t<\/div>\n\t\t\t\t\t<\/div>\n\t\t<\/section>\n\t\t\t\t<section class=\"elementor-section elementor-top-section elementor-element elementor-element-3aee00b5 elementor-section-content-middle elementor-section-stretched elementor-section-boxed elementor-section-height-default elementor-section-height-default\" data-id=\"3aee00b5\" data-element_type=\"section\" data-settings=\"{&quot;stretch_section&quot;:&quot;section-stretched&quot;}\">\n\t\t\t\t\t\t<div class=\"elementor-container elementor-column-gap-no\">\n\t\t\t\t\t<div class=\"elementor-column elementor-col-100 elementor-top-column elementor-element elementor-element-2a25e6\" data-id=\"2a25e6\" data-element_type=\"column\">\n\t\t\t<div class=\"elementor-widget-wrap elementor-element-populated\">\n\t\t\t\t\t\t<div class=\"elementor-element elementor-element-442e2b5 elementor-widget elementor-widget-heading\" data-id=\"442e2b5\" data-element_type=\"widget\" data-widget_type=\"heading.default\">\n\t\t\t\t<div class=\"elementor-widget-container\">\n\t\t\t\t\t<h1 class=\"elementor-heading-title elementor-size-default\">WILLKOMMEN BEIM TC-GOMARINGEN E.V.<\/h1>\t\t\t\t<\/div>\n\t\t\t\t<\/div>\n\t\t\t\t<div class=\"elementor-element elementor-element-67f7f084 elementor-widget elementor-widget-text-editor\" data-id=\"67f7f084\" data-element_type=\"widget\" data-widget_type=\"text-editor.default\">\n\t\t\t\t<div class=\"elementor-widget-container\">\n\t\t\t\t\t\t\t\t\t<p>Der Tennisclub Gomaringen hat aktuell 263 Mitglieder, davon 81 Jugendliche. Die sch\u00f6ne und gro\u00dffl\u00e4chige Anlage verf\u00fcgt \u00fcber 6 Freipl\u00e4tze (Sand) und 2 Hallenpl\u00e4tze (Sand). Eine Bildergalerie unserer Anlage finden Sie auf der Seite <b><a href=\"https:\/\/www.peerless-design.de\/ueberuns\">\u00bb Vereinsportrait<\/a><\/b>.<\/p>\n<p>Wenn Sie Mitglied werden m\u00f6chten, nehmen Sie einfach <b><a href=\"https:\/\/www.peerless-design.de\/kontakt\/\">\u00bb Kontakt<\/a><\/b> mit uns auf oder f\u00fcllen Sie direkt unseren<strong> <a href=\"http:\/\/test.tc-gomaringen.de\/wp-content\/uploads\/2019\/12\/Tennis-Beitrittsformular.pdf\">Antrag auf Mitgliedschaft<\/a><\/strong> aus und reichen diesen beim TCG Vorstand ein.<\/p>\n<p>Jedes Mitglied hat Anspruch darauf, die Einrichtungen des Vereins unter Einhaltung der internen Regeln zu nutzen und an den Veranstaltungen teilzunehmen. Dabei gilt:<\/p>\n<ul>\n<li>Die <b>Au\u00dfenpl\u00e4tze <\/b>1-6 k\u00f6nnen im Voraus \u00fcber das&nbsp;<b><span style=\"font-weight: 300;\"><a href=\"https:\/\/www.toims.net\/tcgomaringen\/\">\u00bb Online Buchungssystem<\/a>&nbsp;reserviert werden. F\u00fcr Mitglieder ist die Reservierung kostenfrei.<\/span><\/b><\/li>\n<li><b>Hallenpl\u00e4tze <\/b>sind kostenpflichtig und k\u00f6nnen \u00fcber das <a href=\"https:\/\/www.toims.net\/tcgomaringen\/\">\u00bb Online Buchungssystem<\/a> gebucht werden. F\u00fcr Vereinsmitglieder gelten verg\u00fcnstigte Hallentarife.<\/li>\n<li><b>G\u00e4ste <\/b>sind beim TCG herzlich willkommen, d\u00fcrfen jedoch h\u00f6chstens 5 mal in der Saison spielen, jeweils mit einem Mitglied und das Mitglied muss beim Buchen &#8222;Mit Gast spielen&#8220; im Warenkorb hinzubuchen (6 \u20ac). Die Gastmarke kann nicht im Nachhinein bezahlt werden.<\/li>\n<\/ul>\n<p>Zu den Pflichten jedes aktiven Mitglieds geh\u00f6ren:<\/p>\n<ul>\n<li><b>Der Arbeitsdienst.<\/b> Pro Jahr m\u00fcssen 6 Stunden geleistet werden. Nicht geleistete Stunden werden mit jeweils 17 \u20ac berechnet. Alle Mitglieder zwischen 19 und 62 Jahren*<\/li>\n<li><b>Der Wirtsdienst.<\/b> Durch die alphabetische Reihenfolge ergeben sich etwa 3 Eins\u00e4tze pro Jahr f\u00fcr alle Mitglieder zwischen 18 und 70 Jahren*. Die in der Regel abendlichen Eins\u00e4tze belaufen sich jeweils auf ca. 4-5 Stunden. Nicht geleistete Eins\u00e4tze werden mit jeweils 40 \u20ac berechnet.<\/li>\n<\/ul>\n<p>Der <b>Jahresmitgliedsbeitrag<\/b> wird in der Regel am 10. M\u00e4rz eingezogen. Besteht keine Einzugserm\u00e4chtigung kann per \u00dcberweisung bezahlt werden, zzgl. 10 \u20ac Verwaltungskostenpauschale.<br><b>Passivierungen<\/b> sind zum 31. M\u00e4rz und 31. Dezember m\u00f6glich.<br>Der <b>Austritt<\/b> aus dem Verein ist immer zum Jahresende m\u00f6glich und ben\u00f6tigt lediglich eine schriftliche Mitteilung an mitgliedschaft (at) tc-gomaringen (punkt) de zum 31. Dezember.<\/p>\n<p><em>* Die Altersgrenzen werden einfachheitshalber gehandhabt, wie wenn alle am 31.12. Geburtstag h\u00e4tten. Die Dienste beginnen also erst in dem Jahr, in dem man 19 wird und enden in dem Jahr, wo man die Altersgrenze erreicht.<\/em><\/p>\t\t\t\t\t\t\t\t<\/div>\n\t\t\t\t<\/div>\n\t\t\t\t\t<\/div>\n\t\t<\/div>\n\t\t\t\t\t<\/div>\n\t\t<\/section>\n\t\t\t\t<section class=\"elementor-section elementor-top-section elementor-element elementor-element-4f048dfc elementor-section-content-middle elementor-section-stretched elementor-section-boxed elementor-section-height-default elementor-section-height-default\" data-id=\"4f048dfc\" data-element_type=\"section\" data-settings=\"{&quot;background_background&quot;:&quot;classic&quot;,&quot;stretch_section&quot;:&quot;section-stretched&quot;}\">\n\t\t\t\t\t\t<div class=\"elementor-container elementor-column-gap-no\">\n\t\t\t\t\t<div class=\"elementor-column elementor-col-100 elementor-top-column elementor-element elementor-element-6518cc44\" data-id=\"6518cc44\" data-element_type=\"column\">\n\t\t\t<div class=\"elementor-widget-wrap elementor-element-populated\">\n\t\t\t\t\t\t<div class=\"elementor-element elementor-element-72e165e2 elementor-widget elementor-widget-heading\" data-id=\"72e165e2\" data-element_type=\"widget\" data-widget_type=\"heading.default\">\n\t\t\t\t<div class=\"elementor-widget-container\">\n\t\t\t\t\t<h4 class=\"elementor-heading-title elementor-size-default\">Mitgliedsbeitr\u00e4ge<\/h4>\t\t\t\t<\/div>\n\t\t\t\t<\/div>\n\t\t\t\t<div class=\"elementor-element elementor-element-60a724c6 elementor-widget elementor-widget-text-editor\" data-id=\"60a724c6\" data-element_type=\"widget\" data-widget_type=\"text-editor.default\">\n\t\t\t\t<div class=\"elementor-widget-container\">\n\t\t\t\t\t\t\t\t\t<p><b>Einzelperson<\/b><b> <\/b>170 Euro<\/p><p><b>(Ehe-)Paare <\/b>280 Euro\u00b9<\/p><p><b>Studierende\/Auszubildende <\/b>100 Euro\u00b2<\/p><p><b>Jugendliche und Kinder unter 18 Jahre <\/b>50 Euro<\/p><p><b>Wenn ein Elternteil aktives Mitglied ist:<\/b><\/p><p>Unter 18 Jahren: 15 Euro<br \/>Sch\u00fcler:innen, Studierende, Auszubildende\u00b2 ab 18 J.: 60 Euro<br \/>Ab 3. Kind: 0 Euro<\/p><p><b>Passive Mitgliedschaft <\/b>50 Euro<\/p><p><span style=\"font-size: 0.75rem;\">1 Pro Person 140 Euro, sobald die andere Person aktives, erwachsenes Mitglied ohne reduzierten Beitrag oder Ehrenmitglied ist.<br \/>2 Auch FSJ, Buffdi o. \u00e4.<br \/><\/span><\/p>\t\t\t\t\t\t\t\t<\/div>\n\t\t\t\t<\/div>\n\t\t\t\t\t<\/div>\n\t\t<\/div>\n\t\t\t\t\t<\/div>\n\t\t<\/section>\n\t\t\t\t<section class=\"elementor-section elementor-top-section elementor-element elementor-element-1ce8610a elementor-section-height-min-height elementor-section-content-middle elementor-section-stretched elementor-section-boxed elementor-section-height-default elementor-section-items-middle\" data-id=\"1ce8610a\" data-element_type=\"section\" data-settings=\"{&quot;background_background&quot;:&quot;classic&quot;,&quot;stretch_section&quot;:&quot;section-stretched&quot;}\">\n\t\t\t\t\t\t\t<div class=\"elementor-background-overlay\"><\/div>\n\t\t\t\t\t\t\t<div class=\"elementor-container elementor-column-gap-no\">\n\t\t\t\t\t<div class=\"elementor-column elementor-col-100 elementor-top-column elementor-element elementor-element-4e0d6d65\" data-id=\"4e0d6d65\" data-element_type=\"column\">\n\t\t\t<div class=\"elementor-widget-wrap elementor-element-populated\">\n\t\t\t\t\t\t<div class=\"elementor-element elementor-element-4dc6cdc8 elementor-widget elementor-widget-heading\" data-id=\"4dc6cdc8\" data-element_type=\"widget\" data-widget_type=\"heading.default\">\n\t\t\t\t<div class=\"elementor-widget-container\">\n\t\t\t\t\t<h2 class=\"elementor-heading-title elementor-size-default\">testmitgliedschaft<\/h2>\t\t\t\t<\/div>\n\t\t\t\t<\/div>\n\t\t\t\t<div class=\"elementor-element elementor-element-a17d160 elementor-widget elementor-widget-heading\" data-id=\"a17d160\" data-element_type=\"widget\" data-widget_type=\"heading.default\">\n\t\t\t\t<div class=\"elementor-widget-container\">\n\t\t\t\t\t<h2 class=\"elementor-heading-title elementor-size-default\">nur 100 Euro im 1. Jahr<br>und Reduktion um 50 Euro im 2. Jahr<\/h2>\t\t\t\t<\/div>\n\t\t\t\t<\/div>\n\t\t\t\t<div class=\"elementor-element elementor-element-1d12418e elementor-widget elementor-widget-text-editor\" data-id=\"1d12418e\" data-element_type=\"widget\" data-widget_type=\"text-editor.default\">\n\t\t\t\t<div class=\"elementor-widget-container\">\n\t\t\t\t\t\t\t\t\t<p style=\"caret-color: #ffffff; color: #ffffff; font-size: 15px;\">Auch dieses Jahr wieder: Nutzen Sie das Angebot unserer&nbsp;<span style=\"font-weight: bold;\">Schnuppermitgliedschaft!<br><\/span>Wir bieten dir f\u00fcr das laufende Jahr eine&nbsp;<span style=\"font-weight: bold;\">Test-Mitgliedschaft f\u00fcr NUR 100 \u20ac&nbsp;<\/span>an!<br>Solltest du auch im darauf folgenden Jahr Mitglied bleiben, erh\u00e4ltst du weitere 50 \u20ac Rabatt auf deinen Mitgliedsbeitrag verrechnet.<\/p>\n<p style=\"caret-color: #ffffff; color: #ffffff; font-size: 15px;\">G\u00fcltig f\u00fcr Personen, die noch nie Mitglied des TC Gomaringen waren. Die Test-Mitgliedschaft endet automatisch zum Jahresende und verl\u00e4ngert sich nicht automatisch sondern lediglich, wenn Sie dies w\u00fcnschen. W\u00e4hrend der Zeit der Test-Mitgliedschaft (1. Jahr) entf\u00e4llt f\u00fcr dich die Pflicht f\u00fcr den Wirtsdienst und den Arbeitseinsatz. Du kannst im Schnupperjahr nicht an Mannschaftswettk\u00e4mpfen teilnehmen.<\/p>\n<p style=\"caret-color: #ffffff; color: #ffffff; font-size: 15px;\">&nbsp;Weitere Informationen erh\u00e4ltst du von unserem 2. Vorsitzenden Tim Digel &nbsp;oder unserer Schriftf\u00fchrerin Agnes Speiser<br><span style=\"font-weight: bold;\">mitgliedschaft (at) tc-gomaringen (punkt) de<\/span><\/p>\t\t\t\t\t\t\t\t<\/div>\n\t\t\t\t<\/div>\n\t\t\t\t<div class=\"elementor-element elementor-element-8b1a3a3 elementor-align-center elementor-widget elementor-widget-button\" data-id=\"8b1a3a3\" data-element_type=\"widget\" data-widget_type=\"button.default\">\n\t\t\t\t<div class=\"elementor-widget-container\">\n\t\t\t\t\t\t\t\t\t<div class=\"elementor-button-wrapper\">\n\t\t\t\t\t<a class=\"elementor-button elementor-button-link elementor-size-sm\" href=\"\/wp-content\/uploads\/2019\/12\/Tennis-Beitrittsformular.pdf\" target=\"_blank\">\n\t\t\t\t\t\t<span class=\"elementor-button-content-wrapper\">\n\t\t\t\t\t\t\t\t\t<span class=\"elementor-button-text\">Anmeldeformular<\/span>\n\t\t\t\t\t<\/span>\n\t\t\t\t\t<\/a>\n\t\t\t\t<\/div>\n\t\t\t\t\t\t\t\t<\/div>\n\t\t\t\t<\/div>\n\t\t\t\t\t<\/div>\n\t\t<\/div>\n\t\t\t\t\t<\/div>\n\t\t<\/section>\n\t\t\t\t<\/div>\n\t\t","protected":false},"excerpt":{"rendered":"<p>Mitglied werden Kommen Sie vorbei und lernen Sie unseren Verein&hellip;<\/p>\n<p> <a class=\"more-link\" href=\"https:\/\/www.tc-gomaringen.de\/?page_id=11576\">Weiterlesen<\/a><\/p>\n","protected":false},"author":1,"featured_media":0,"parent":0,"menu_order":0,"comment_status":"closed","ping_status":"closed","template":"","meta":{"footnotes":""},"class_list":["post-11576","page","type-page","status-publish"],"_links":{"self":[{"href":"https:\/\/www.tc-gomaringen.de\/index.php?rest_route=\/wp\/v2\/pages\/11576","targetHints":{"allow":["GET"]}}],"collection":[{"href":"https:\/\/www.tc-gomaringen.de\/index.php?rest_route=\/wp\/v2\/pages"}],"about":[{"href":"https:\/\/www.tc-gomaringen.de\/index.php?rest_route=\/wp\/v2\/types\/page"}],"author":[{"embeddable":true,"href":"https:\/\/www.tc-gomaringen.de\/index.php?rest_route=\/wp\/v2\/users\/1"}],"replies":[{"embeddable":true,"href":"https:\/\/www.tc-gomaringen.de\/index.php?rest_route=%2Fwp%2Fv2%2Fcomments&post=11576"}],"version-history":[{"count":56,"href":"https:\/\/www.tc-gomaringen.de\/index.php?rest_route=\/wp\/v2\/pages\/11576\/revisions"}],"predecessor-version":[{"id":13284,"href":"https:\/\/www.tc-gomaringen.de\/index.php?rest_route=\/wp\/v2\/pages\/11576\/revisions\/13284"}],"wp:attachment":[{"href":"https:\/\/www.tc-gomaringen.de\/index.php?rest_route=%2Fwp%2Fv2%2Fmedia&parent=11576"}],"curies":[{"name":"wp","href":"https:\/\/api.w.org\/{rel}","templated":true}]}}