{"id":12436,"date":"2023-06-22T08:00:01","date_gmt":"2023-06-22T06:00:01","guid":{"rendered":"http:\/\/www.tc-gomaringen.de\/?page_id=12436"},"modified":"2024-04-17T09:49:15","modified_gmt":"2024-04-17T07:49:15","slug":"verbandsspiele","status":"publish","type":"page","link":"https:\/\/www.tc-gomaringen.de\/?page_id=12436","title":{"rendered":"Verbandsspiele"},"content":{"rendered":"\t\t<div data-elementor-type=\"wp-page\" data-elementor-id=\"12436\" class=\"elementor elementor-12436\">\n\t\t\t\t\t\t<section class=\"elementor-section elementor-top-section elementor-element elementor-element-98691b5 elementor-section-boxed elementor-section-height-default elementor-section-height-default\" data-id=\"98691b5\" data-element_type=\"section\">\n\t\t\t\t\t\t<div class=\"elementor-container elementor-column-gap-default\">\n\t\t\t\t\t<div class=\"elementor-column elementor-col-100 elementor-top-column elementor-element elementor-element-8d2a225\" data-id=\"8d2a225\" data-element_type=\"column\">\n\t\t\t<div class=\"elementor-widget-wrap elementor-element-populated\">\n\t\t\t\t\t\t<div class=\"elementor-element elementor-element-bb9ab24 elementor-widget elementor-widget-text-editor\" data-id=\"bb9ab24\" data-element_type=\"widget\" data-widget_type=\"text-editor.default\">\n\t\t\t\t<div class=\"elementor-widget-container\">\n\t\t\t\t\t\t\t\t\t<p>Unser Verein nimmt mit zahlreichen Mannschaften am Ligabetrieb teil. Hast du auch Interesse in einer Mannschaft zu spielen? Melde dich bei uns, spreche unseren Trainer an oder gehe auf jemand nach deinem n\u00e4chsten Tennismatch zu.<\/p>\t\t\t\t\t\t\t\t<\/div>\n\t\t\t\t<\/div>\n\t\t\t\t<div class=\"elementor-element elementor-element-da46ace elementor-widget elementor-widget-heading\" data-id=\"da46ace\" data-element_type=\"widget\" data-widget_type=\"heading.default\">\n\t\t\t\t<div class=\"elementor-widget-container\">\n\t\t\t\t\t<h2 class=\"elementor-heading-title elementor-size-default\">Infos f\u00fcr Heimspiele<\/h2>\t\t\t\t<\/div>\n\t\t\t\t<\/div>\n\t\t\t\t\t<\/div>\n\t\t<\/div>\n\t\t\t\t\t<\/div>\n\t\t<\/section>\n\t\t\t\t<section class=\"elementor-section elementor-top-section elementor-element elementor-element-83c1f37 elementor-section-boxed elementor-section-height-default elementor-section-height-default\" data-id=\"83c1f37\" data-element_type=\"section\">\n\t\t\t\t\t\t<div class=\"elementor-container elementor-column-gap-default\">\n\t\t\t\t\t<div class=\"elementor-column elementor-col-100 elementor-top-column elementor-element elementor-element-676e085\" data-id=\"676e085\" data-element_type=\"column\">\n\t\t\t<div class=\"elementor-widget-wrap elementor-element-populated\">\n\t\t\t\t\t\t<div class=\"elementor-element elementor-element-a2c60da elementor-widget elementor-widget-toggle\" data-id=\"a2c60da\" data-element_type=\"widget\" data-widget_type=\"toggle.default\">\n\t\t\t\t<div class=\"elementor-widget-container\">\n\t\t\t\t\t\t\t<div class=\"elementor-toggle\">\n\t\t\t\t\t\t\t<div class=\"elementor-toggle-item\">\n\t\t\t\t\t<div id=\"elementor-tab-title-1701\" class=\"elementor-tab-title\" data-tab=\"1\" role=\"button\" aria-controls=\"elementor-tab-content-1701\" aria-expanded=\"false\">\n\t\t\t\t\t\t\t\t\t\t\t\t<span class=\"elementor-toggle-icon elementor-toggle-icon-left\" aria-hidden=\"true\">\n\t\t\t\t\t\t\t\t\t\t\t\t\t\t\t<span class=\"elementor-toggle-icon-closed\"><i class=\"fas fa-caret-right\"><\/i><\/span>\n\t\t\t\t\t\t\t\t<span class=\"elementor-toggle-icon-opened\"><i class=\"elementor-toggle-icon-opened fas fa-caret-up\"><\/i><\/span>\n\t\t\t\t\t\t\t\t\t\t\t\t\t<\/span>\n\t\t\t\t\t\t\t\t\t\t\t\t<a class=\"elementor-toggle-title\" tabindex=\"0\">Bew\u00e4sserung<\/a>\n\t\t\t\t\t<\/div>\n\n\t\t\t\t\t<div id=\"elementor-tab-content-1701\" class=\"elementor-tab-content elementor-clearfix\" data-tab=\"1\" role=\"region\" aria-labelledby=\"elementor-tab-title-1701\"><p>Bitte bew\u00e4ssert bei trockenen Bedingungen die Pl\u00e4tze ausreichend. Es wird empfohlen alle Pl\u00e4tze vor den Verbandsspielen 5-7 Minuten zu bew\u00e4ssern. Bew\u00e4ssert zus\u00e4tzlich vor jedem Spiel die Pl\u00e4tze erneut, falls notwendig.<\/p><p>Ihr k\u00f6nnt Platz 1 &amp; 2 sowie zwei Pl\u00e4tze aus Platz 3-6 gleichzeitig bew\u00e4ssern.\u00a0<\/p><\/div>\n\t\t\t\t<\/div>\n\t\t\t\t\t\t\t<div class=\"elementor-toggle-item\">\n\t\t\t\t\t<div id=\"elementor-tab-title-1702\" class=\"elementor-tab-title\" data-tab=\"2\" role=\"button\" aria-controls=\"elementor-tab-content-1702\" aria-expanded=\"false\">\n\t\t\t\t\t\t\t\t\t\t\t\t<span class=\"elementor-toggle-icon elementor-toggle-icon-left\" aria-hidden=\"true\">\n\t\t\t\t\t\t\t\t\t\t\t\t\t\t\t<span class=\"elementor-toggle-icon-closed\"><i class=\"fas fa-caret-right\"><\/i><\/span>\n\t\t\t\t\t\t\t\t<span class=\"elementor-toggle-icon-opened\"><i class=\"elementor-toggle-icon-opened fas fa-caret-up\"><\/i><\/span>\n\t\t\t\t\t\t\t\t\t\t\t\t\t<\/span>\n\t\t\t\t\t\t\t\t\t\t\t\t<a class=\"elementor-toggle-title\" tabindex=\"0\">Checkliste am Ende<\/a>\n\t\t\t\t\t<\/div>\n\n\t\t\t\t\t<div id=\"elementor-tab-content-1702\" class=\"elementor-tab-content elementor-clearfix\" data-tab=\"2\" role=\"region\" aria-labelledby=\"elementor-tab-title-1702\"><p>Bitte am Ende die gleichen Sachen, wie am Ende des Wirtsdienst erledigen (Licht aus, Rolll\u00e4den herunter, usw.), siehe\u00a0<a href=\"https:\/\/www.tc-gomaringen.de\/?page_id=12333\">Wirtsdienst<\/a>. Zus\u00e4tzlich bitte inbesondere folgende Dinge sicherstellen:<\/p><ul><li>Alle Z\u00e4hlger\u00e4te abgeh\u00e4ngt und im Clubheim verstaut.<\/li><li>Zus\u00e4tzliche Sonnenschirm aus dem Clubheim wieder dort verstaut (nur die Schirme, nicht die Stangen oder St\u00e4nder).<\/li><li>Alle Sonnenschirme auf den Pl\u00e4tzen sind im Regenrohr verstaut.<\/li><li>Blauer Schirm auf der Terrasse ist geschlossen.<\/li><li>Fenster in den Kabinen sind geschlossen oder gekippt.<\/li><li>Die Sp\u00fclmaschine in der K\u00fcche wurde angestellt (auch mit nur wenig Geschirr).<\/li><\/ul><\/div>\n\t\t\t\t<\/div>\n\t\t\t\t\t\t\t<div class=\"elementor-toggle-item\">\n\t\t\t\t\t<div id=\"elementor-tab-title-1703\" class=\"elementor-tab-title\" data-tab=\"3\" role=\"button\" aria-controls=\"elementor-tab-content-1703\" aria-expanded=\"false\">\n\t\t\t\t\t\t\t\t\t\t\t\t<span class=\"elementor-toggle-icon elementor-toggle-icon-left\" aria-hidden=\"true\">\n\t\t\t\t\t\t\t\t\t\t\t\t\t\t\t<span class=\"elementor-toggle-icon-closed\"><i class=\"fas fa-caret-right\"><\/i><\/span>\n\t\t\t\t\t\t\t\t<span class=\"elementor-toggle-icon-opened\"><i class=\"elementor-toggle-icon-opened fas fa-caret-up\"><\/i><\/span>\n\t\t\t\t\t\t\t\t\t\t\t\t\t<\/span>\n\t\t\t\t\t\t\t\t\t\t\t\t<a class=\"elementor-toggle-title\" tabindex=\"0\">K\u00fcche<\/a>\n\t\t\t\t\t<\/div>\n\n\t\t\t\t\t<div id=\"elementor-tab-content-1703\" class=\"elementor-tab-content elementor-clearfix\" data-tab=\"3\" role=\"region\" aria-labelledby=\"elementor-tab-title-1703\"><p>F\u00fcr die Verpflegung k\u00f6nnt ihr die K\u00fcche jederzeit nutzen. Bitte r\u00e4umt am Ende alles wieder auf und hinterlasst die K\u00fcche sauber. Es darf insbesondere kein ungewaschenes Geschirr verbleiben.<\/p><p>Stellt sp\u00e4testens am Ende des Tages die Sp\u00fclmaschine an, auch wenn diese nicht ganz voll ist.<\/p><p>Es wird gerne vergessen, Kaffeekannen zu leeren und zu sp\u00fclen oder den Kaffeefilter aus der Maschine zu entsorgen. Wenn eine Mannschaft dabei erwischt wird, muss sie beim n\u00e4chsten Rundenspiel in Hasenkost\u00fcmen spielen. Eine entsprechende Ank\u00fcndigung per Newsletter findet statt.<\/p><\/div>\n\t\t\t\t<\/div>\n\t\t\t\t\t\t\t<div class=\"elementor-toggle-item\">\n\t\t\t\t\t<div id=\"elementor-tab-title-1704\" class=\"elementor-tab-title\" data-tab=\"4\" role=\"button\" aria-controls=\"elementor-tab-content-1704\" aria-expanded=\"false\">\n\t\t\t\t\t\t\t\t\t\t\t\t<span class=\"elementor-toggle-icon elementor-toggle-icon-left\" aria-hidden=\"true\">\n\t\t\t\t\t\t\t\t\t\t\t\t\t\t\t<span class=\"elementor-toggle-icon-closed\"><i class=\"fas fa-caret-right\"><\/i><\/span>\n\t\t\t\t\t\t\t\t<span class=\"elementor-toggle-icon-opened\"><i class=\"elementor-toggle-icon-opened fas fa-caret-up\"><\/i><\/span>\n\t\t\t\t\t\t\t\t\t\t\t\t\t<\/span>\n\t\t\t\t\t\t\t\t\t\t\t\t<a class=\"elementor-toggle-title\" tabindex=\"0\">Pl\u00e4tze<\/a>\n\t\t\t\t\t<\/div>\n\n\t\t\t\t\t<div id=\"elementor-tab-content-1704\" class=\"elementor-tab-content elementor-clearfix\" data-tab=\"4\" role=\"region\" aria-labelledby=\"elementor-tab-title-1704\"><p>Die Pl\u00e4tze werden auf Grund des Spielplans <strong>vorab reserviert<\/strong>. Sollte Regen wahrscheinlich sein, wird auch die Tennishalle vorsorglich gebucht. Sollten die Gebuchten nicht passen, auf Grund von Fehlern oder Spielverlegungen, buche gerne die ben\u00f6tigten zus\u00e4tzlichen Termine selbst oder gib uns schnellst m\u00f6glichst Bescheid.<\/p><p>Falls zu viele Stunden und Pl\u00e4tze gebucht wurden, gibt uns ebenfalls kurz Bescheid. Dadurch erhalten andere Mitglieder die M\u00f6glichkeit am Wochenende Tennis zu spielen.<\/p><p><strong>Die Pl\u00e4tze werden wie folgt zwischen mehreren gleichzeitig spielenden Mannschaften aufgeteilt<\/strong>: Die in der Liga h\u00f6her spielende Mannschaft darf sich ein Doppel-Platzfeld (1\/2, 3\/4 oder 5\/6) aussuchen. Danach d\u00fcrfen die weiteren Mannschaften sich ein Doppel-Platzfeld aussuchen. Wenn Pl\u00e4tze \u00fcbrig bleiben, werden diese aufgeteilt. Z. B. bei 2 Mannschaften k\u00f6nnte diese Aufteilung entstehen: Mannschaft 1 Platz 4-6 und Mannschaft 2 Platz 1-3. Die h\u00f6her spielende Mannschaft darf sich nicht alle 3 Pl\u00e4tze sofort aussuchen.<\/p><p>Zur Erinnerung: <strong>Rundenspiele haben immer Vorrang<\/strong>. Solltet ihr l\u00e4nger als die gebuchte Zeit brauchen, haben nachfolgende Buchungen kein Anrecht auf den Platz. Die nachfolgenden Spieler kriegen ggf. bezahlte Geb\u00fchren erstattet, wenn sie sich an uns wenden.<\/p><\/div>\n\t\t\t\t<\/div>\n\t\t\t\t\t\t\t<div class=\"elementor-toggle-item\">\n\t\t\t\t\t<div id=\"elementor-tab-title-1705\" class=\"elementor-tab-title\" data-tab=\"5\" role=\"button\" aria-controls=\"elementor-tab-content-1705\" aria-expanded=\"false\">\n\t\t\t\t\t\t\t\t\t\t\t\t<span class=\"elementor-toggle-icon elementor-toggle-icon-left\" aria-hidden=\"true\">\n\t\t\t\t\t\t\t\t\t\t\t\t\t\t\t<span class=\"elementor-toggle-icon-closed\"><i class=\"fas fa-caret-right\"><\/i><\/span>\n\t\t\t\t\t\t\t\t<span class=\"elementor-toggle-icon-opened\"><i class=\"elementor-toggle-icon-opened fas fa-caret-up\"><\/i><\/span>\n\t\t\t\t\t\t\t\t\t\t\t\t\t<\/span>\n\t\t\t\t\t\t\t\t\t\t\t\t<a class=\"elementor-toggle-title\" tabindex=\"0\">Regen<\/a>\n\t\t\t\t\t<\/div>\n\n\t\t\t\t\t<div id=\"elementor-tab-content-1705\" class=\"elementor-tab-content elementor-clearfix\" data-tab=\"5\" role=\"region\" aria-labelledby=\"elementor-tab-title-1705\"><p>Bei Regen bitte Sonnenschirme schlie\u00dfen und Z\u00e4hlger\u00e4te mit ins Trockene nehmen.<\/p><p>Sollte ein Weiterspielen im Freien nicht m\u00f6glich sein, darf jede Mannschaft kostenlos die Tennishalle benutzen. Die Mannschaft mit der h\u00f6heren Liga hat hier Vorrang und benutzt beide Pl\u00e4tze.<\/p><p>Sollte die Tennishalle anderweitig gebucht sein, bittet die Leute h\u00f6flich aufzuh\u00f6ren. Auf Grund der Nutzungsbedingungen der Tennishalle, haben Ligaspiele Vorrang. Weist die Personen darauf hin, dass sie sich bei uns melden sollen und sie die Stunde nat\u00fcrlich erstattet bekommen.<\/p><p>Sollte die Tennishalle nicht vorab f\u00fcr Ligaspiele reserviert worden sein, bitte buche die Tennishalle selbst und w\u00e4hle als Bezahlung Bankeinzug aus. Gib uns dann im Anschluss kurz Bescheid, damit wir diesen Zahlungsauftrag l\u00f6schen.<\/p><\/div>\n\t\t\t\t<\/div>\n\t\t\t\t\t\t\t<div class=\"elementor-toggle-item\">\n\t\t\t\t\t<div id=\"elementor-tab-title-1706\" class=\"elementor-tab-title\" data-tab=\"6\" role=\"button\" aria-controls=\"elementor-tab-content-1706\" aria-expanded=\"false\">\n\t\t\t\t\t\t\t\t\t\t\t\t<span class=\"elementor-toggle-icon elementor-toggle-icon-left\" aria-hidden=\"true\">\n\t\t\t\t\t\t\t\t\t\t\t\t\t\t\t<span class=\"elementor-toggle-icon-closed\"><i class=\"fas fa-caret-right\"><\/i><\/span>\n\t\t\t\t\t\t\t\t<span class=\"elementor-toggle-icon-opened\"><i class=\"elementor-toggle-icon-opened fas fa-caret-up\"><\/i><\/span>\n\t\t\t\t\t\t\t\t\t\t\t\t\t<\/span>\n\t\t\t\t\t\t\t\t\t\t\t\t<a class=\"elementor-toggle-title\" tabindex=\"0\">Sprudel<\/a>\n\t\t\t\t\t<\/div>\n\n\t\t\t\t\t<div id=\"elementor-tab-content-1706\" class=\"elementor-tab-content elementor-clearfix\" data-tab=\"6\" role=\"region\" aria-labelledby=\"elementor-tab-title-1706\"><p>F\u00fcr Verbandsspiele d\u00fcrft ihr f\u00fcr euch und eure G\u00e4ste kostenlos Sprudel nehmen. Stellt dazu entsprechend Sprudelkisten sichtbar f\u00fcr die Spieler parat. Diese findet ihr im Getr\u00e4nkeraum hinter der K\u00fcche. R\u00e4umt nach Beendigung des letzten Spiels die Kisten und das Leergut wieder auf.<\/p><p>Bitte markiert die Spurdelk\u00e4sten nicht durch einen Zettel f\u00fcr eure Mannschaft. Stellt an einer Stelle f\u00fcr alle anwesenden Mannschaften den Sprudel bereit.<\/p><\/div>\n\t\t\t\t<\/div>\n\t\t\t\t\t\t\t<div class=\"elementor-toggle-item\">\n\t\t\t\t\t<div id=\"elementor-tab-title-1707\" class=\"elementor-tab-title\" data-tab=\"7\" role=\"button\" aria-controls=\"elementor-tab-content-1707\" aria-expanded=\"false\">\n\t\t\t\t\t\t\t\t\t\t\t\t<span class=\"elementor-toggle-icon elementor-toggle-icon-left\" aria-hidden=\"true\">\n\t\t\t\t\t\t\t\t\t\t\t\t\t\t\t<span class=\"elementor-toggle-icon-closed\"><i class=\"fas fa-caret-right\"><\/i><\/span>\n\t\t\t\t\t\t\t\t<span class=\"elementor-toggle-icon-opened\"><i class=\"elementor-toggle-icon-opened fas fa-caret-up\"><\/i><\/span>\n\t\t\t\t\t\t\t\t\t\t\t\t\t<\/span>\n\t\t\t\t\t\t\t\t\t\t\t\t<a class=\"elementor-toggle-title\" tabindex=\"0\">Sonnenschirme<\/a>\n\t\t\t\t\t<\/div>\n\n\t\t\t\t\t<div id=\"elementor-tab-content-1707\" class=\"elementor-tab-content elementor-clearfix\" data-tab=\"7\" role=\"region\" aria-labelledby=\"elementor-tab-title-1707\"><p>Auf jedem Platz befindet sich zwei Sonnenschirme in den beiden grauen Rohren am Zaun. Bitte diese nach Spieltagende dort wieder verstauen.<\/p><p>Weitere Schirme f\u00fcr die Terrasse findet ihr im Clubheim zwischen Terrassent\u00fcr und Fenster zur Tennishalle. Bitte r\u00e4umt diese Schirme am Ende des Spieltags dort wieder auf. Auf der Terrasse stehen in der Regel drei weitere Schirmst\u00e4nder bereit.<\/p><\/div>\n\t\t\t\t<\/div>\n\t\t\t\t\t\t\t<div class=\"elementor-toggle-item\">\n\t\t\t\t\t<div id=\"elementor-tab-title-1708\" class=\"elementor-tab-title\" data-tab=\"8\" role=\"button\" aria-controls=\"elementor-tab-content-1708\" aria-expanded=\"false\">\n\t\t\t\t\t\t\t\t\t\t\t\t<span class=\"elementor-toggle-icon elementor-toggle-icon-left\" aria-hidden=\"true\">\n\t\t\t\t\t\t\t\t\t\t\t\t\t\t\t<span class=\"elementor-toggle-icon-closed\"><i class=\"fas fa-caret-right\"><\/i><\/span>\n\t\t\t\t\t\t\t\t<span class=\"elementor-toggle-icon-opened\"><i class=\"elementor-toggle-icon-opened fas fa-caret-up\"><\/i><\/span>\n\t\t\t\t\t\t\t\t\t\t\t\t\t<\/span>\n\t\t\t\t\t\t\t\t\t\t\t\t<a class=\"elementor-toggle-title\" tabindex=\"0\">Z\u00e4hlger\u00e4te<\/a>\n\t\t\t\t\t<\/div>\n\n\t\t\t\t\t<div id=\"elementor-tab-content-1708\" class=\"elementor-tab-content elementor-clearfix\" data-tab=\"8\" role=\"region\" aria-labelledby=\"elementor-tab-title-1708\"><p>Die Z\u00e4hlger\u00e4te oder Spielstandsanzeiger (gr\u00fcne Tafeln) befinden sich im Clubheim zwischen Terrassent\u00fcre und Fenster zur Tennishalle. H\u00e4ngt diese zu Beginn des Spieltages auf die Pl\u00e4tze. Benutzt die beiden gr\u00f6\u00dferen Tafeln f\u00fcr Platz 4 und 5 (gr\u00f6\u00dfere Entfernung). Achtet darauf, dass die Tafeln gut sichtbar f\u00fcr die Zuschauer h\u00e4ngen (z. B. nicht hinter dem Sonnenschirm).<\/p><p><strong>Wichtig:<\/strong> Am Ende des Spieltags (oder bei Regen) bitte alle Tafeln wieder ins Clubheim bringen und aufr\u00e4umen. Ein Z\u00e4hlger\u00e4t kostet ca. 170-200 \u20ac.<\/p><\/div>\n\t\t\t\t<\/div>\n\t\t\t\t\t\t\t<div class=\"elementor-toggle-item\">\n\t\t\t\t\t<div id=\"elementor-tab-title-1709\" class=\"elementor-tab-title\" data-tab=\"9\" role=\"button\" aria-controls=\"elementor-tab-content-1709\" aria-expanded=\"false\">\n\t\t\t\t\t\t\t\t\t\t\t\t<span class=\"elementor-toggle-icon elementor-toggle-icon-left\" aria-hidden=\"true\">\n\t\t\t\t\t\t\t\t\t\t\t\t\t\t\t<span class=\"elementor-toggle-icon-closed\"><i class=\"fas fa-caret-right\"><\/i><\/span>\n\t\t\t\t\t\t\t\t<span class=\"elementor-toggle-icon-opened\"><i class=\"elementor-toggle-icon-opened fas fa-caret-up\"><\/i><\/span>\n\t\t\t\t\t\t\t\t\t\t\t\t\t<\/span>\n\t\t\t\t\t\t\t\t\t\t\t\t<a class=\"elementor-toggle-title\" tabindex=\"0\">Zugang zum Clubheim<\/a>\n\t\t\t\t\t<\/div>\n\n\t\t\t\t\t<div id=\"elementor-tab-content-1709\" class=\"elementor-tab-content elementor-clearfix\" data-tab=\"9\" role=\"region\" aria-labelledby=\"elementor-tab-title-1709\"><p>Analog zu den Wirtsdiensten, tragen wir die Verbandsspiele in unser Erinnerungs- und Codezusendesystem ein. Der oder die Mannschaftsf\u00fchrer:in m\u00fcsste vor dem Spiel eine E-Mail mit einem Code erhalten haben. Falls nicht, melde dich bitte bei uns.<\/p><p>F\u00fcr weitere Infos zum Zugang, siehe\u00a0<a href=\"https:\/\/www.tc-gomaringen.de\/?page_id=12333\">Wirtsdienst<\/a>.<\/p><\/div>\n\t\t\t\t<\/div>\n\t\t\t\t\t\t\t\t<\/div>\n\t\t\t\t\t\t<\/div>\n\t\t\t\t<\/div>\n\t\t\t\t\t<\/div>\n\t\t<\/div>\n\t\t\t\t\t<\/div>\n\t\t<\/section>\n\t\t\t\t<\/div>\n\t\t","protected":false},"excerpt":{"rendered":"<p>Unser Verein nimmt mit zahlreichen Mannschaften am Ligabetrieb teil. Hast&hellip;<\/p>\n<p> <a class=\"more-link\" href=\"https:\/\/www.tc-gomaringen.de\/?page_id=12436\">Weiterlesen<\/a><\/p>\n","protected":false},"author":1,"featured_media":0,"parent":0,"menu_order":0,"comment_status":"closed","ping_status":"closed","template":"","meta":{"footnotes":""},"class_list":["post-12436","page","type-page","status-publish"],"_links":{"self":[{"href":"https:\/\/www.tc-gomaringen.de\/index.php?rest_route=\/wp\/v2\/pages\/12436","targetHints":{"allow":["GET"]}}],"collection":[{"href":"https:\/\/www.tc-gomaringen.de\/index.php?rest_route=\/wp\/v2\/pages"}],"about":[{"href":"https:\/\/www.tc-gomaringen.de\/index.php?rest_route=\/wp\/v2\/types\/page"}],"author":[{"embeddable":true,"href":"https:\/\/www.tc-gomaringen.de\/index.php?rest_route=\/wp\/v2\/users\/1"}],"replies":[{"embeddable":true,"href":"https:\/\/www.tc-gomaringen.de\/index.php?rest_route=%2Fwp%2Fv2%2Fcomments&post=12436"}],"version-history":[{"count":13,"href":"https:\/\/www.tc-gomaringen.de\/index.php?rest_route=\/wp\/v2\/pages\/12436\/revisions"}],"predecessor-version":[{"id":13306,"href":"https:\/\/www.tc-gomaringen.de\/index.php?rest_route=\/wp\/v2\/pages\/12436\/revisions\/13306"}],"wp:attachment":[{"href":"https:\/\/www.tc-gomaringen.de\/index.php?rest_route=%2Fwp%2Fv2%2Fmedia&parent=12436"}],"curies":[{"name":"wp","href":"https:\/\/api.w.org\/{rel}","templated":true}]}}