{"id":13107,"date":"2025-06-26T15:12:14","date_gmt":"2025-06-26T13:12:14","guid":{"rendered":"https:\/\/www.tc-gomaringen.de\/?page_id=13107"},"modified":"2026-01-26T16:10:08","modified_gmt":"2026-01-26T15:10:08","slug":"e-auto-laden","status":"publish","type":"page","link":"https:\/\/www.tc-gomaringen.de\/?page_id=13107","title":{"rendered":"E-Auto laden"},"content":{"rendered":"\t\t<div data-elementor-type=\"wp-page\" data-elementor-id=\"13107\" class=\"elementor elementor-13107\">\n\t\t\t\t\t\t<section class=\"elementor-section elementor-top-section elementor-element elementor-element-07a7f3d elementor-section-boxed elementor-section-height-default elementor-section-height-default\" data-id=\"07a7f3d\" data-element_type=\"section\">\n\t\t\t\t\t\t<div class=\"elementor-container elementor-column-gap-default\">\n\t\t\t\t\t<div class=\"elementor-column elementor-col-100 elementor-top-column elementor-element elementor-element-a1f330f\" data-id=\"a1f330f\" data-element_type=\"column\">\n\t\t\t<div class=\"elementor-widget-wrap elementor-element-populated\">\n\t\t\t\t\t\t<div class=\"elementor-element elementor-element-80fcd9a elementor-widget elementor-widget-image\" data-id=\"80fcd9a\" data-element_type=\"widget\" data-widget_type=\"image.default\">\n\t\t\t\t<div class=\"elementor-widget-container\">\n\t\t\t\t\t\t\t\t\t\t\t\t\t\t\t<img decoding=\"async\" src=\"https:\/\/www.tc-gomaringen.de\/wp-content\/uploads\/elementor\/thumbs\/Wallbox-2025-06-r7x3dssg77uvcj76p6jxz69esw05zqds72wp7cgfv0.jpg\" title=\"Wallbox 2025-06\" alt=\"Wallbox 2025-06\" loading=\"lazy\" \/>\t\t\t\t\t\t\t\t\t\t\t\t\t\t\t<\/div>\n\t\t\t\t<\/div>\n\t\t\t\t\t<\/div>\n\t\t<\/div>\n\t\t\t\t\t<\/div>\n\t\t<\/section>\n\t\t\t\t<section class=\"elementor-section elementor-top-section elementor-element elementor-element-19eb0c1 elementor-section-boxed elementor-section-height-default elementor-section-height-default\" data-id=\"19eb0c1\" data-element_type=\"section\">\n\t\t\t\t\t\t<div class=\"elementor-container elementor-column-gap-default\">\n\t\t\t\t\t<div class=\"elementor-column elementor-col-100 elementor-top-column elementor-element elementor-element-f013546\" data-id=\"f013546\" data-element_type=\"column\">\n\t\t\t<div class=\"elementor-widget-wrap elementor-element-populated\">\n\t\t\t\t\t\t<div class=\"elementor-element elementor-element-15c1df4 elementor-widget elementor-widget-text-editor\" data-id=\"15c1df4\" data-element_type=\"widget\" data-widget_type=\"text-editor.default\">\n\t\t\t\t<div class=\"elementor-widget-container\">\n\t\t\t\t\t\t\t\t\t<p>Der Tennis-Club stellt auf dem Parkplatz zwei Wallboxen mit Typ-2-Anschluss zum Laden von Elektrofahrzeugen zur Verf\u00fcgung. Im Modus Photovoltaik-\u00dcberschuss-Laden (PV-\u00dcberschuss-Laden) bieten wir \u00fcbersch\u00fcssigen Strom aus der eigenen PV-Anlage zu sehr g\u00fcnstigen Konditionen an. Alternativ ist auch das Laden mit Netzstrom, unabh\u00e4ngig der aktuellen PV-Erzeugung m\u00f6glich.<\/p>\t\t\t\t\t\t\t\t<\/div>\n\t\t\t\t<\/div>\n\t\t\t\t<div class=\"elementor-element elementor-element-78c45a7 elementor-widget elementor-widget-heading\" data-id=\"78c45a7\" data-element_type=\"widget\" data-widget_type=\"heading.default\">\n\t\t\t\t<div class=\"elementor-widget-container\">\n\t\t\t\t\t<h2 class=\"elementor-heading-title elementor-size-default\">PREISE<\/h2>\t\t\t\t<\/div>\n\t\t\t\t<\/div>\n\t\t\t\t<div class=\"elementor-element elementor-element-4e9e4f0 elementor-widget elementor-widget-text-editor\" data-id=\"4e9e4f0\" data-element_type=\"widget\" data-widget_type=\"text-editor.default\">\n\t\t\t\t<div class=\"elementor-widget-container\">\n\t\t\t\t\t\t\t\t\t<p>Mitglieder des Tennis-Club Gomaringen oder Kunden der Tennishalle k\u00f6nnen Ladekarten mit Ladeguthaben erwerben. F\u00fcr die Ladekarte wird ein Pfand von 5 \u20ac pro Karte erhoben.<\/p><p>Es gibt zwei Ladekarten:<\/p><ul><li><strong>PV-\u00dcberschuss<\/strong> (nur Mitglieder TCG): Mit dieser Karte kostet eine kWh geladener Strom 0,20 \u20ac. Dein Auto wird nur geladen, wenn die Photovoltaik-Anlage einen \u00dcberschuss an Strom liefert, der sonst ins Netz eingespeist werden w\u00fcrde. Dies ist oft im April bis Oktober tags\u00fcber der Fall und quasi immer, wenn gleichzeitig kein Verbrauch durch die Benutzung des Lichtes in der Tennishalle vorliegt.<\/li><li><strong>Netz-Strom<\/strong> (Mitglieder TCG &amp; Kunden der Tennishalle): Mit dieser Karte kostet eine kWh geladener Strom 0,45 \u20ac. Dein Auto l\u00e4dt unabh\u00e4ngig der Tages- und Uhrzeit mit bis zu 11 kW.<\/li><\/ul>\t\t\t\t\t\t\t\t<\/div>\n\t\t\t\t<\/div>\n\t\t\t\t<div class=\"elementor-element elementor-element-3482b26 elementor-widget elementor-widget-heading\" data-id=\"3482b26\" data-element_type=\"widget\" data-widget_type=\"heading.default\">\n\t\t\t\t<div class=\"elementor-widget-container\">\n\t\t\t\t\t<h2 class=\"elementor-heading-title elementor-size-default\">Ladekarten Erwerben &amp; AUFLADEN<\/h2>\t\t\t\t<\/div>\n\t\t\t\t<\/div>\n\t\t\t\t<div class=\"elementor-element elementor-element-bfd00e2 elementor-widget__width-initial elementor-widget elementor-widget-text-editor\" data-id=\"bfd00e2\" data-element_type=\"widget\" data-widget_type=\"text-editor.default\">\n\t\t\t\t<div class=\"elementor-widget-container\">\n\t\t\t\t\t\t\t\t\t<h4>Neue Karte<\/h4><p>Um eine Ladekarte zu erwerben melde dich bitte formlos per E-Mail an <span style=\"text-decoration: underline;\">laden (at) tc-gomaringen (punkt) de<\/span>.<br \/>Gib dabei an ob du eine Ladekarte mit PV-\u00dcberschuss oder Netz-Strom (oder auch zwei) haben m\u00f6chtest. Du erh\u00e4ltst dann von uns eine Bankverbindung mit der Bitte 55 \u20ac (5 \u20ac Pfand\/Karte + 50 \u20ac Ladeguthaben, auch direkt mehr m\u00f6glich) zu \u00fcberweisen.<br \/>Die Karte bekommst du dann von uns nach Geldeingang ausgeh\u00e4ndigt.<\/p><h4>Aufladen<\/h4><p>Du kannst jederzeit dein Guthaben mit einer Bank\u00fcberweisung an den Tennis-Club aufladen. \u00dcberweise mindestens 50 \u20ac (und dann in 10er-Schritten). Die Bankverbindung und den Verwendungszweck f\u00fcr die \u00dcberweisung (f\u00fcr eine schnelle Zuordnung zu deiner Karte) kannst du der R\u00fcckseite der Ladekarte entnehmen. Du kannst die Karte auch mit deiner Banking-App scannen (Foto\u00fcberweisung).<\/p><p>Nach Geldeingang tragen wir das entsprechende Guthaben umgerechnet in kWh auf deine Karte auf.\u00a0<\/p>\t\t\t\t\t\t\t\t<\/div>\n\t\t\t\t<\/div>\n\t\t\t\t<div class=\"elementor-element elementor-element-744562d elementor-widget elementor-widget-heading\" data-id=\"744562d\" data-element_type=\"widget\" data-widget_type=\"heading.default\">\n\t\t\t\t<div class=\"elementor-widget-container\">\n\t\t\t\t\t<h2 class=\"elementor-heading-title elementor-size-default\">LADEVORGANG DURCHF\u00dcHREN<\/h2>\t\t\t\t<\/div>\n\t\t\t\t<\/div>\n\t\t\t\t<div class=\"elementor-element elementor-element-ad449d3 elementor-widget elementor-widget-text-editor\" data-id=\"ad449d3\" data-element_type=\"widget\" data-widget_type=\"text-editor.default\">\n\t\t\t\t<div class=\"elementor-widget-container\">\n\t\t\t\t\t\t\t\t\t<ol>\n<li>Benutze einen der beiden <b>Parkpl\u00e4tze<\/b> vor den Wallboxen.<\/li>\n<li><b>Verbinde<\/b> mit deinem eigenen Typ2-Ladekabel dein Fahrzeug mit der entsprechenden Wallbox. Die Wallbox verriegelt dabei dein Kabel.<\/li>\n<li>&nbsp;Halte deine <b>Ladekarte<\/b> vor die mit dem RFID-Logo markierte Stelle an der Wallbox. Die Wallbox piepst zweimal leise.<\/li>\n<li>Der Ladevorgang wird <b>gestartet<\/b>, nun sollte auch dein Auto das Ladekabel verriegeln. Bitte beachte, dass ggf. kein Ladevorgang gestartet wird wenn du mit PV-\u00dcberschuss l\u00e4dst und kein PV-\u00dcberschuss vorhanden ist. Das ist meistens der Fall wenn es Winter, bew\u00f6lkt, abends oder dunkel ist, sowie wenn die Tennishalle einen hohen Stromverbrauch produziert.<\/li>\n<li>Um den Ladevorgang zu <b>beenden<\/b>, halte die Karte erneut vor die markierte Stelle an der Wallbox.<\/li>\n<li>Stecke zuerst das Kabel am Auto aus, danach entriegelt die Wallbox dein Kabel. Achte darauf, dass die Steckdosenklappe an der Wallbox wieder geschlossen ist.<\/li>\n<li>Gebe den <b>Parkplatz<\/b> bitte unmittelbar <b>frei<\/b>, um anderen Nutzern das Laden zu erm\u00f6glich (auch abends\/nachts und im Winter f\u00fcr Nutzer mit Netz-Strom Ladekarten).<\/li>\n<\/ol>\t\t\t\t\t\t\t\t<\/div>\n\t\t\t\t<\/div>\n\t\t\t\t\t<\/div>\n\t\t<\/div>\n\t\t\t\t\t<\/div>\n\t\t<\/section>\n\t\t\t\t<section class=\"elementor-section elementor-top-section elementor-element elementor-element-3b4c15b elementor-section-boxed elementor-section-height-default elementor-section-height-default\" data-id=\"3b4c15b\" data-element_type=\"section\">\n\t\t\t\t\t\t<div class=\"elementor-container elementor-column-gap-default\">\n\t\t\t\t\t<div class=\"elementor-column elementor-col-100 elementor-top-column elementor-element elementor-element-e73a803\" data-id=\"e73a803\" data-element_type=\"column\">\n\t\t\t<div class=\"elementor-widget-wrap elementor-element-populated\">\n\t\t\t\t\t\t<div class=\"elementor-element elementor-element-3b39557 elementor-widget elementor-widget-heading\" data-id=\"3b39557\" data-element_type=\"widget\" data-widget_type=\"heading.default\">\n\t\t\t\t<div class=\"elementor-widget-container\">\n\t\t\t\t\t<h2 class=\"elementor-heading-title elementor-size-default\">HOW-TO E-AUTO-LADEN<\/h2>\t\t\t\t<\/div>\n\t\t\t\t<\/div>\n\t\t\t\t<div class=\"elementor-element elementor-element-57c6af4 elementor-widget elementor-widget-toggle\" data-id=\"57c6af4\" data-element_type=\"widget\" data-widget_type=\"toggle.default\">\n\t\t\t\t<div class=\"elementor-widget-container\">\n\t\t\t\t\t\t\t<div class=\"elementor-toggle\">\n\t\t\t\t\t\t\t<div class=\"elementor-toggle-item\">\n\t\t\t\t\t<div id=\"elementor-tab-title-9201\" class=\"elementor-tab-title\" data-tab=\"1\" role=\"button\" aria-controls=\"elementor-tab-content-9201\" aria-expanded=\"false\">\n\t\t\t\t\t\t\t\t\t\t\t\t<span class=\"elementor-toggle-icon elementor-toggle-icon-left\" aria-hidden=\"true\">\n\t\t\t\t\t\t\t\t\t\t\t\t\t\t\t<span class=\"elementor-toggle-icon-closed\"><i class=\"fas fa-caret-right\"><\/i><\/span>\n\t\t\t\t\t\t\t\t<span class=\"elementor-toggle-icon-opened\"><i class=\"elementor-toggle-icon-opened fas fa-caret-up\"><\/i><\/span>\n\t\t\t\t\t\t\t\t\t\t\t\t\t<\/span>\n\t\t\t\t\t\t\t\t\t\t\t\t<a class=\"elementor-toggle-title\" tabindex=\"0\">Kontakt<\/a>\n\t\t\t\t\t<\/div>\n\n\t\t\t\t\t<div id=\"elementor-tab-content-9201\" class=\"elementor-tab-content elementor-clearfix\" data-tab=\"1\" role=\"region\" aria-labelledby=\"elementor-tab-title-9201\"><p>Solltest du Fragen haben oder mal etwas nicht wie erwartet funktionieren, schreibe uns gerne eine E-Mail an <span style=\"text-decoration: underline;\">laden (at) tc-gomaringen (punkt) de<\/span>.<\/p><\/div>\n\t\t\t\t<\/div>\n\t\t\t\t\t\t\t<div class=\"elementor-toggle-item\">\n\t\t\t\t\t<div id=\"elementor-tab-title-9202\" class=\"elementor-tab-title\" data-tab=\"2\" role=\"button\" aria-controls=\"elementor-tab-content-9202\" aria-expanded=\"false\">\n\t\t\t\t\t\t\t\t\t\t\t\t<span class=\"elementor-toggle-icon elementor-toggle-icon-left\" aria-hidden=\"true\">\n\t\t\t\t\t\t\t\t\t\t\t\t\t\t\t<span class=\"elementor-toggle-icon-closed\"><i class=\"fas fa-caret-right\"><\/i><\/span>\n\t\t\t\t\t\t\t\t<span class=\"elementor-toggle-icon-opened\"><i class=\"elementor-toggle-icon-opened fas fa-caret-up\"><\/i><\/span>\n\t\t\t\t\t\t\t\t\t\t\t\t\t<\/span>\n\t\t\t\t\t\t\t\t\t\t\t\t<a class=\"elementor-toggle-title\" tabindex=\"0\">Ladekabel entriegeln<\/a>\n\t\t\t\t\t<\/div>\n\n\t\t\t\t\t<div id=\"elementor-tab-content-9202\" class=\"elementor-tab-content elementor-clearfix\" data-tab=\"2\" role=\"region\" aria-labelledby=\"elementor-tab-title-9202\"><p>Damit die Wallbox dein Ladekabel entriegelt, muss der Ladevorgang beendet sein. Halte dazu deine Ladekarte an die entsprechende Stelle an der Wallbox.<br \/>Sollte kein Ladevorgang zustande gekommen sein oder dieser schon beendet ist, kannst du dein Ladekabel am Auto ausstecken. Anschlie\u00dfend gibt auch die Wallbox dein Ladekabel frei und du kannst es ausstecken.<\/p><\/div>\n\t\t\t\t<\/div>\n\t\t\t\t\t\t\t<div class=\"elementor-toggle-item\">\n\t\t\t\t\t<div id=\"elementor-tab-title-9203\" class=\"elementor-tab-title\" data-tab=\"3\" role=\"button\" aria-controls=\"elementor-tab-content-9203\" aria-expanded=\"false\">\n\t\t\t\t\t\t\t\t\t\t\t\t<span class=\"elementor-toggle-icon elementor-toggle-icon-left\" aria-hidden=\"true\">\n\t\t\t\t\t\t\t\t\t\t\t\t\t\t\t<span class=\"elementor-toggle-icon-closed\"><i class=\"fas fa-caret-right\"><\/i><\/span>\n\t\t\t\t\t\t\t\t<span class=\"elementor-toggle-icon-opened\"><i class=\"elementor-toggle-icon-opened fas fa-caret-up\"><\/i><\/span>\n\t\t\t\t\t\t\t\t\t\t\t\t\t<\/span>\n\t\t\t\t\t\t\t\t\t\t\t\t<a class=\"elementor-toggle-title\" tabindex=\"0\">Ladekarte zur\u00fcck geben<\/a>\n\t\t\t\t\t<\/div>\n\n\t\t\t\t\t<div id=\"elementor-tab-content-9203\" class=\"elementor-tab-content elementor-clearfix\" data-tab=\"3\" role=\"region\" aria-labelledby=\"elementor-tab-title-9203\"><p>Wenn du deine Ladekarte zur\u00fcck geben m\u00f6chtest, melde dich bitte bei uns. Du erh\u00e4ltst nach R\u00fcckgabe dein Pfad sowie evtl. vorhandenes Guthaben ausbezahlt. Nenne uns daf\u00fcr ggf. deine Bankverbindung.<\/p><\/div>\n\t\t\t\t<\/div>\n\t\t\t\t\t\t\t<div class=\"elementor-toggle-item\">\n\t\t\t\t\t<div id=\"elementor-tab-title-9204\" class=\"elementor-tab-title\" data-tab=\"4\" role=\"button\" aria-controls=\"elementor-tab-content-9204\" aria-expanded=\"false\">\n\t\t\t\t\t\t\t\t\t\t\t\t<span class=\"elementor-toggle-icon elementor-toggle-icon-left\" aria-hidden=\"true\">\n\t\t\t\t\t\t\t\t\t\t\t\t\t\t\t<span class=\"elementor-toggle-icon-closed\"><i class=\"fas fa-caret-right\"><\/i><\/span>\n\t\t\t\t\t\t\t\t<span class=\"elementor-toggle-icon-opened\"><i class=\"elementor-toggle-icon-opened fas fa-caret-up\"><\/i><\/span>\n\t\t\t\t\t\t\t\t\t\t\t\t\t<\/span>\n\t\t\t\t\t\t\t\t\t\t\t\t<a class=\"elementor-toggle-title\" tabindex=\"0\">Ladeleistung<\/a>\n\t\t\t\t\t<\/div>\n\n\t\t\t\t\t<div id=\"elementor-tab-content-9204\" class=\"elementor-tab-content elementor-clearfix\" data-tab=\"4\" role=\"region\" aria-labelledby=\"elementor-tab-title-9204\"><p>Die maximale Ladeleistung der Wallbox betr\u00e4gt jeweils 11 kW. Eine B\u00fcndelung von 22 kW wenn nur eine Wallbox belegt ist, ist nicht m\u00f6glich (k\u00f6nnen auch nicht viele Autos).<\/p><p>Im Modus PV-\u00dcberschuss wird die Ladeleistung entsprechend des \u00dcberschuss beschr\u00e4nkt. Beachte, dass ab weniger 4,2 kW eine Umschaltung des Ladevorgangs von 3-phasig auf 1-phasig statt findet. 1-phasig kann maximal mit 3,5 kW geladen werden, mindestens jedoch mit 1,4 kW. Sollte noch weniger PV-\u00dcberschuss vorhanden sein, wird der Ladevorgang beendet.<br \/>Bitte beachte, dass die Umschaltung von 3-phasig auf 1-phasig oder andersrum, den Ladevorgang unterbrechen muss und dieser bis zu 60 Sekunden pausiert wird. In der Regel passiert dies vollautomatisch.<\/p><p>Du kannst selber absch\u00e4tzen anhand der Sonneneinstrahlung, Bew\u00f6lkung und dem Verbrauch (ist die Tennishalle in Benutzung?) wie viel Ladeleistung vorhanden sein kann.<\/p><p>Dieses Bild zeigt das Aufladen von zuerst zwei E-Autos und sp\u00e4ter einem E-Auto an einem sehr sonnigen Tag im Juni:<\/p><p><img fetchpriority=\"high\" decoding=\"async\" class=\"alignnone size-medium wp-image-13154\" src=\"https:\/\/www.tc-gomaringen.de\/wp-content\/uploads\/PV-2025-06-29-360x600.jpg\" alt=\"\" width=\"360\" height=\"600\" srcset=\"https:\/\/www.tc-gomaringen.de\/wp-content\/uploads\/PV-2025-06-29-360x600.jpg 360w, https:\/\/www.tc-gomaringen.de\/wp-content\/uploads\/PV-2025-06-29-768x1279.jpg 768w, https:\/\/www.tc-gomaringen.de\/wp-content\/uploads\/PV-2025-06-29-922x1536.jpg 922w, https:\/\/www.tc-gomaringen.de\/wp-content\/uploads\/PV-2025-06-29.jpg 1140w\" sizes=\"(max-width: 360px) 100vw, 360px\" \/><\/p><p>Die L\u00fccke bis ca. 13 Uhr zwischen Verbrauch\/Ladeleistung und Erzeugung ist auf Grund des Aufladen des Akkus (was nicht als Verbrauch dargestellt wird). Ab 16 Uhr hat nur noch ein Fahrzeug geladen, wodurch wieder etwas mehr \u00dcberschuss vorhanden war.<\/p><\/div>\n\t\t\t\t<\/div>\n\t\t\t\t\t\t\t<div class=\"elementor-toggle-item\">\n\t\t\t\t\t<div id=\"elementor-tab-title-9205\" class=\"elementor-tab-title\" data-tab=\"5\" role=\"button\" aria-controls=\"elementor-tab-content-9205\" aria-expanded=\"false\">\n\t\t\t\t\t\t\t\t\t\t\t\t<span class=\"elementor-toggle-icon elementor-toggle-icon-left\" aria-hidden=\"true\">\n\t\t\t\t\t\t\t\t\t\t\t\t\t\t\t<span class=\"elementor-toggle-icon-closed\"><i class=\"fas fa-caret-right\"><\/i><\/span>\n\t\t\t\t\t\t\t\t<span class=\"elementor-toggle-icon-opened\"><i class=\"elementor-toggle-icon-opened fas fa-caret-up\"><\/i><\/span>\n\t\t\t\t\t\t\t\t\t\t\t\t\t<\/span>\n\t\t\t\t\t\t\t\t\t\t\t\t<a class=\"elementor-toggle-title\" tabindex=\"0\">Warum zwei Ladekarten?<\/a>\n\t\t\t\t\t<\/div>\n\n\t\t\t\t\t<div id=\"elementor-tab-content-9205\" class=\"elementor-tab-content elementor-clearfix\" data-tab=\"5\" role=\"region\" aria-labelledby=\"elementor-tab-title-9205\"><p>Strom der von der PV-Anlage erzeugt wird und wir nicht selbst verbrauchen, speisen wir f\u00fcr einige Cent Verg\u00fctung ins Netz ein. Diesen Strom k\u00f6nnen wir alternativ auch sehr g\u00fcnstig zum Laden von E-Autos verwenden. Unsere Wallboxen sind in der Lage entsprechend dem PV-\u00dcberschuss die Ladeleistung der E-Autos zu steuern.<\/p><p>Um auch z. B. im Winter oder abends laden zu k\u00f6nnen (wenig PV-\u00dcberschuss), gibt es Ladekarten die unabh\u00e4ngig immer mit 11 kW dein Auto laden. Dieser Strom kommt dann in der Regel aus dem Netz und ist entsprechend teurer als Strom aus der PV-Anlage.<\/p><p>Da beide Abrechnungsmodi nicht innerhalb eines Ladevorgangs verrechnet werden k\u00f6nnen, ist jede Ladekarte auf einen Modus fest eingestellt.<\/p><\/div>\n\t\t\t\t<\/div>\n\t\t\t\t\t\t\t<div class=\"elementor-toggle-item\">\n\t\t\t\t\t<div id=\"elementor-tab-title-9206\" class=\"elementor-tab-title\" data-tab=\"6\" role=\"button\" aria-controls=\"elementor-tab-content-9206\" aria-expanded=\"false\">\n\t\t\t\t\t\t\t\t\t\t\t\t<span class=\"elementor-toggle-icon elementor-toggle-icon-left\" aria-hidden=\"true\">\n\t\t\t\t\t\t\t\t\t\t\t\t\t\t\t<span class=\"elementor-toggle-icon-closed\"><i class=\"fas fa-caret-right\"><\/i><\/span>\n\t\t\t\t\t\t\t\t<span class=\"elementor-toggle-icon-opened\"><i class=\"elementor-toggle-icon-opened fas fa-caret-up\"><\/i><\/span>\n\t\t\t\t\t\t\t\t\t\t\t\t\t<\/span>\n\t\t\t\t\t\t\t\t\t\t\t\t<a class=\"elementor-toggle-title\" tabindex=\"0\">Wallbox Typ & Hersteller<\/a>\n\t\t\t\t\t<\/div>\n\n\t\t\t\t\t<div id=\"elementor-tab-content-9206\" class=\"elementor-tab-content elementor-clearfix\" data-tab=\"6\" role=\"region\" aria-labelledby=\"elementor-tab-title-9206\"><p>Falls du auch Interesse an einer PV-\u00dcberschuss-f\u00e4higen Wallbox hast: Wir verwenden zwei <em>Power Brain Wallbox 11kW<\/em> vom Hersteller <em>cFos<\/em>.<\/p><\/div>\n\t\t\t\t<\/div>\n\t\t\t\t\t\t\t\t<\/div>\n\t\t\t\t\t\t<\/div>\n\t\t\t\t<\/div>\n\t\t\t\t\t<\/div>\n\t\t<\/div>\n\t\t\t\t\t<\/div>\n\t\t<\/section>\n\t\t\t\t<\/div>\n\t\t","protected":false},"excerpt":{"rendered":"<p>Der Tennis-Club stellt auf dem Parkplatz zwei Wallboxen mit Typ-2-Anschluss&hellip;<\/p>\n<p> <a class=\"more-link\" href=\"https:\/\/www.tc-gomaringen.de\/?page_id=13107\">Weiterlesen<\/a><\/p>\n","protected":false},"author":1,"featured_media":13148,"parent":0,"menu_order":0,"comment_status":"closed","ping_status":"closed","template":"","meta":{"footnotes":""},"class_list":["post-13107","page","type-page","status-publish","has-post-thumbnail"],"_links":{"self":[{"href":"https:\/\/www.tc-gomaringen.de\/index.php?rest_route=\/wp\/v2\/pages\/13107","targetHints":{"allow":["GET"]}}],"collection":[{"href":"https:\/\/www.tc-gomaringen.de\/index.php?rest_route=\/wp\/v2\/pages"}],"about":[{"href":"https:\/\/www.tc-gomaringen.de\/index.php?rest_route=\/wp\/v2\/types\/page"}],"author":[{"embeddable":true,"href":"https:\/\/www.tc-gomaringen.de\/index.php?rest_route=\/wp\/v2\/users\/1"}],"replies":[{"embeddable":true,"href":"https:\/\/www.tc-gomaringen.de\/index.php?rest_route=%2Fwp%2Fv2%2Fcomments&post=13107"}],"version-history":[{"count":37,"href":"https:\/\/www.tc-gomaringen.de\/index.php?rest_route=\/wp\/v2\/pages\/13107\/revisions"}],"predecessor-version":[{"id":13263,"href":"https:\/\/www.tc-gomaringen.de\/index.php?rest_route=\/wp\/v2\/pages\/13107\/revisions\/13263"}],"wp:featuredmedia":[{"embeddable":true,"href":"https:\/\/www.tc-gomaringen.de\/index.php?rest_route=\/wp\/v2\/media\/13148"}],"wp:attachment":[{"href":"https:\/\/www.tc-gomaringen.de\/index.php?rest_route=%2Fwp%2Fv2%2Fmedia&parent=13107"}],"curies":[{"name":"wp","href":"https:\/\/api.w.org\/{rel}","templated":true}]}}